

{"id":202,"date":"2018-03-07T12:21:56","date_gmt":"2018-03-07T11:21:56","guid":{"rendered":"http:\/\/www.arredamentifranzoni.it\/?page_id=202"},"modified":"2018-03-13T18:39:38","modified_gmt":"2018-03-13T17:39:38","slug":"showroom-camere-da-letto","status":"publish","type":"page","link":"https:\/\/www.arredamentifranzoni.it\/?page_id=202","title":{"rendered":"Showroom &#8211; Camere da letto"},"content":{"rendered":"<p>[vc_row][vc_column][vc_column_text]<\/p>\n<p>[\/vc_column_text][\/vc_column][\/vc_row][vc_row][vc_column][vc_empty_space height=&#8221;220px&#8221; css=&#8221;.vc_custom_1520852666962{background-image: url(http:\/\/www.arredamentifranzoni.it\/wp-content\/uploads\/2018\/03\/breadcrump.jpg?id=171) !important;}&#8221;][vc_empty_space height=&#8221;60px&#8221;]    <div class=\"tzElement-title tz-title-type-2\">\n                    <span class=\"tzTitle\" >ARREDAMENTI FRANZONI - San Benedetto            <\/span>\n            \n        \n        <p class=\"tzDescription\" >A San Benedetto in una struttura moderna di oltre 2.500 mq, che si sviluppa su diversi livelli per ottimizzare la disposizione degli ambienti, si trovano cucine, soggiorni, salotti, camere, camerette e bagni, progettati e allestiti in modo curato, per aiutare il cliente ad immaginare quell&#039; ambiente nella propria casa. L&#039;esposizione, comoda da raggiungere con la nuova viabilit\u00e0 in galleria, a meno di 5 minuti d&#039;auto dalla Spezia, \u00e8 immersa nel verde e nella tranquillit\u00e0, servita da ampi parcheggi, cos\u00ec da rendere la visita piacevole e confortevole. <\/p>\n    <\/div>\n    [vc_empty_space height=&#8221;60px&#8221;][\/vc_column][\/vc_row][vc_row][vc_column][vc_column_text]\n    <style type=\"text\/css\">\n        body #wp-gallery15 .wp-gallery-item .wp-gallery-image a:hover{\n            background-color:#ffffff        }\n        body #wp-gallery15 .wp-gallery-item{\n            width:25%;\n            margin:0;\n            padding:5px;\n            max-width:none;\n            height:auto;\n        }\n\n    <\/style>\n\n    <div id=\"wp-gallery15\">\n        <div class=\"wp-gallery-content\">\n                            <div class=\"wp-gallery-item\">\n                    <div class=\"wp-gallery-image\">\n                                                        <a href=\"http:\/\/www.arredamentifranzoni.it\/wp-content\/uploads\/2018\/03\/IMG_4205.jpg\" rel=\"prettyPhoto[15]\">\n                                                <img decoding=\"async\" src=\"https:\/\/www.arredamentifranzoni.it\/wp-content\/plugins\/tz-plus-gallery\/images\/plusgallery\/square.png\"  alt=\"\" style=\"background:url(http:\/\/www.arredamentifranzoni.it\/wp-content\/uploads\/2018\/03\/IMG_4205.jpg) no-repeat scroll 50% 50% \/ cover;\"\/>\n                                                    <\/a>\n                                                                    <\/div>\n                <\/div>\n                            <div class=\"wp-gallery-item\">\n                    <div class=\"wp-gallery-image\">\n                                                        <a href=\"http:\/\/www.arredamentifranzoni.it\/wp-content\/uploads\/2018\/03\/IMG_4233.jpg\" rel=\"prettyPhoto[15]\">\n                                                <img decoding=\"async\" src=\"https:\/\/www.arredamentifranzoni.it\/wp-content\/plugins\/tz-plus-gallery\/images\/plusgallery\/square.png\"  alt=\"\" style=\"background:url(http:\/\/www.arredamentifranzoni.it\/wp-content\/uploads\/2018\/03\/IMG_4233.jpg) no-repeat scroll 50% 50% \/ cover;\"\/>\n                                                    <\/a>\n                                                                    <\/div>\n                <\/div>\n                            <div class=\"wp-gallery-item\">\n                    <div class=\"wp-gallery-image\">\n                                                        <a href=\"http:\/\/www.arredamentifranzoni.it\/wp-content\/uploads\/2018\/03\/IMG_4235.jpg\" rel=\"prettyPhoto[15]\">\n                                                <img decoding=\"async\" src=\"https:\/\/www.arredamentifranzoni.it\/wp-content\/plugins\/tz-plus-gallery\/images\/plusgallery\/square.png\"  alt=\"\" style=\"background:url(http:\/\/www.arredamentifranzoni.it\/wp-content\/uploads\/2018\/03\/IMG_4235.jpg) no-repeat scroll 50% 50% \/ cover;\"\/>\n                                                    <\/a>\n                                                                    <\/div>\n                <\/div>\n                            <div class=\"wp-gallery-item\">\n                    <div class=\"wp-gallery-image\">\n                                                        <a href=\"http:\/\/www.arredamentifranzoni.it\/wp-content\/uploads\/2018\/03\/IMG_4241.jpg\" rel=\"prettyPhoto[15]\">\n                                                <img decoding=\"async\" src=\"https:\/\/www.arredamentifranzoni.it\/wp-content\/plugins\/tz-plus-gallery\/images\/plusgallery\/square.png\"  alt=\"\" style=\"background:url(http:\/\/www.arredamentifranzoni.it\/wp-content\/uploads\/2018\/03\/IMG_4241.jpg) no-repeat scroll 50% 50% \/ cover;\"\/>\n                                                    <\/a>\n                                                                    <\/div>\n                <\/div>\n                            <div class=\"wp-gallery-item\">\n                    <div class=\"wp-gallery-image\">\n                                                        <a href=\"http:\/\/www.arredamentifranzoni.it\/wp-content\/uploads\/2018\/03\/IMG_4244.jpg\" rel=\"prettyPhoto[15]\">\n                                                <img decoding=\"async\" src=\"https:\/\/www.arredamentifranzoni.it\/wp-content\/plugins\/tz-plus-gallery\/images\/plusgallery\/square.png\"  alt=\"\" style=\"background:url(http:\/\/www.arredamentifranzoni.it\/wp-content\/uploads\/2018\/03\/IMG_4244.jpg) no-repeat scroll 50% 50% \/ cover;\"\/>\n                                                    <\/a>\n                                                                    <\/div>\n                <\/div>\n                            <div class=\"wp-gallery-item\">\n                    <div class=\"wp-gallery-image\">\n                                                        <a href=\"http:\/\/www.arredamentifranzoni.it\/wp-content\/uploads\/2018\/03\/IMG_4245.jpg\" rel=\"prettyPhoto[15]\">\n                                                <img decoding=\"async\" src=\"https:\/\/www.arredamentifranzoni.it\/wp-content\/plugins\/tz-plus-gallery\/images\/plusgallery\/square.png\"  alt=\"\" style=\"background:url(http:\/\/www.arredamentifranzoni.it\/wp-content\/uploads\/2018\/03\/IMG_4245.jpg) no-repeat scroll 50% 50% \/ cover;\"\/>\n                                                    <\/a>\n                                                                    <\/div>\n                <\/div>\n                            <div class=\"wp-gallery-item\">\n                    <div class=\"wp-gallery-image\">\n                                                        <a href=\"http:\/\/www.arredamentifranzoni.it\/wp-content\/uploads\/2018\/03\/IMG_4252-1.jpg\" rel=\"prettyPhoto[15]\">\n                                                <img decoding=\"async\" src=\"https:\/\/www.arredamentifranzoni.it\/wp-content\/plugins\/tz-plus-gallery\/images\/plusgallery\/square.png\"  alt=\"\" style=\"background:url(http:\/\/www.arredamentifranzoni.it\/wp-content\/uploads\/2018\/03\/IMG_4252-1.jpg) no-repeat scroll 50% 50% \/ cover;\"\/>\n                                                    <\/a>\n                                                                    <\/div>\n                <\/div>\n                            <div class=\"wp-gallery-item\">\n                    <div class=\"wp-gallery-image\">\n                                                        <a href=\"http:\/\/www.arredamentifranzoni.it\/wp-content\/uploads\/2018\/03\/IMG_4256-1.jpg\" rel=\"prettyPhoto[15]\">\n                                                <img decoding=\"async\" src=\"https:\/\/www.arredamentifranzoni.it\/wp-content\/plugins\/tz-plus-gallery\/images\/plusgallery\/square.png\"  alt=\"\" style=\"background:url(http:\/\/www.arredamentifranzoni.it\/wp-content\/uploads\/2018\/03\/IMG_4256-1.jpg) no-repeat scroll 50% 50% \/ cover;\"\/>\n                                                    <\/a>\n                                                                    <\/div>\n                <\/div>\n                            <div class=\"wp-gallery-item\">\n                    <div class=\"wp-gallery-image\">\n                                                        <a href=\"http:\/\/www.arredamentifranzoni.it\/wp-content\/uploads\/2018\/03\/IMG_4260.jpg\" rel=\"prettyPhoto[15]\">\n                                                <img decoding=\"async\" src=\"https:\/\/www.arredamentifranzoni.it\/wp-content\/plugins\/tz-plus-gallery\/images\/plusgallery\/square.png\"  alt=\"\" style=\"background:url(http:\/\/www.arredamentifranzoni.it\/wp-content\/uploads\/2018\/03\/IMG_4260.jpg) no-repeat scroll 50% 50% \/ cover;\"\/>\n                                                    <\/a>\n                                                                    <\/div>\n                <\/div>\n                            <div class=\"wp-gallery-item\">\n                    <div class=\"wp-gallery-image\">\n                                                        <a href=\"http:\/\/www.arredamentifranzoni.it\/wp-content\/uploads\/2018\/03\/IMG_4262.jpg\" rel=\"prettyPhoto[15]\">\n                                                <img decoding=\"async\" src=\"https:\/\/www.arredamentifranzoni.it\/wp-content\/plugins\/tz-plus-gallery\/images\/plusgallery\/square.png\"  alt=\"\" style=\"background:url(http:\/\/www.arredamentifranzoni.it\/wp-content\/uploads\/2018\/03\/IMG_4262.jpg) no-repeat scroll 50% 50% \/ cover;\"\/>\n                                                    <\/a>\n                                                                    <\/div>\n                <\/div>\n                            <div class=\"wp-gallery-item\">\n                    <div class=\"wp-gallery-image\">\n                                                        <a href=\"http:\/\/www.arredamentifranzoni.it\/wp-content\/uploads\/2018\/03\/IMG_4304.jpg\" rel=\"prettyPhoto[15]\">\n                                                <img decoding=\"async\" src=\"https:\/\/www.arredamentifranzoni.it\/wp-content\/plugins\/tz-plus-gallery\/images\/plusgallery\/square.png\"  alt=\"\" style=\"background:url(http:\/\/www.arredamentifranzoni.it\/wp-content\/uploads\/2018\/03\/IMG_4304.jpg) no-repeat scroll 50% 50% \/ cover;\"\/>\n                                                    <\/a>\n                                                                    <\/div>\n                <\/div>\n                            <div class=\"wp-gallery-item\">\n                    <div class=\"wp-gallery-image\">\n                                                        <a href=\"http:\/\/www.arredamentifranzoni.it\/wp-content\/uploads\/2018\/03\/IMG_4305.jpg\" rel=\"prettyPhoto[15]\">\n                                                <img decoding=\"async\" src=\"https:\/\/www.arredamentifranzoni.it\/wp-content\/plugins\/tz-plus-gallery\/images\/plusgallery\/square.png\"  alt=\"\" style=\"background:url(http:\/\/www.arredamentifranzoni.it\/wp-content\/uploads\/2018\/03\/IMG_4305.jpg) no-repeat scroll 50% 50% \/ cover;\"\/>\n                                                    <\/a>\n                                                                    <\/div>\n                <\/div>\n                            <div class=\"wp-gallery-item\">\n                    <div class=\"wp-gallery-image\">\n                                                        <a href=\"https:\/\/www.arredamentifranzoni.it\/wp-content\/uploads\/2021\/05\/16be561a-058d-4382-8f11-05a47d6ed017.jpg\" rel=\"prettyPhoto[15]\">\n                                                <img decoding=\"async\" src=\"https:\/\/www.arredamentifranzoni.it\/wp-content\/plugins\/tz-plus-gallery\/images\/plusgallery\/square.png\"  alt=\"\" style=\"background:url(https:\/\/www.arredamentifranzoni.it\/wp-content\/uploads\/2021\/05\/16be561a-058d-4382-8f11-05a47d6ed017.jpg) no-repeat scroll 50% 50% \/ cover;\"\/>\n                                                    <\/a>\n                                                                    <\/div>\n                <\/div>\n                            <div class=\"wp-gallery-item\">\n                    <div class=\"wp-gallery-image\">\n                                                        <a href=\"https:\/\/www.arredamentifranzoni.it\/wp-content\/uploads\/2021\/05\/f458bbb1-2cd2-4e5f-85e5-a008f678a872.jpg\" rel=\"prettyPhoto[15]\">\n                                                <img decoding=\"async\" src=\"https:\/\/www.arredamentifranzoni.it\/wp-content\/plugins\/tz-plus-gallery\/images\/plusgallery\/square.png\"  alt=\"\" style=\"background:url(https:\/\/www.arredamentifranzoni.it\/wp-content\/uploads\/2021\/05\/f458bbb1-2cd2-4e5f-85e5-a008f678a872.jpg) no-repeat scroll 50% 50% \/ cover;\"\/>\n                                                    <\/a>\n                                                                    <\/div>\n                <\/div>\n                            <div class=\"wp-gallery-item\">\n                    <div class=\"wp-gallery-image\">\n                                                        <a href=\"https:\/\/www.arredamentifranzoni.it\/wp-content\/uploads\/2021\/05\/43db0de6-7d30-43bc-8db9-5862c8253960.jpg\" rel=\"prettyPhoto[15]\">\n                                                <img decoding=\"async\" src=\"https:\/\/www.arredamentifranzoni.it\/wp-content\/plugins\/tz-plus-gallery\/images\/plusgallery\/square.png\"  alt=\"\" style=\"background:url(https:\/\/www.arredamentifranzoni.it\/wp-content\/uploads\/2021\/05\/43db0de6-7d30-43bc-8db9-5862c8253960.jpg) no-repeat scroll 50% 50% \/ cover;\"\/>\n                                                    <\/a>\n                                                                    <\/div>\n                <\/div>\n                            <div class=\"wp-gallery-item\">\n                    <div class=\"wp-gallery-image\">\n                                                        <a href=\"https:\/\/www.arredamentifranzoni.it\/wp-content\/uploads\/2021\/05\/7b56ae44-cdb2-4d0f-89b9-4b9f8bc3db45.jpg\" rel=\"prettyPhoto[15]\">\n                                                <img decoding=\"async\" src=\"https:\/\/www.arredamentifranzoni.it\/wp-content\/plugins\/tz-plus-gallery\/images\/plusgallery\/square.png\"  alt=\"\" style=\"background:url(https:\/\/www.arredamentifranzoni.it\/wp-content\/uploads\/2021\/05\/7b56ae44-cdb2-4d0f-89b9-4b9f8bc3db45.jpg) no-repeat scroll 50% 50% \/ cover;\"\/>\n                                                    <\/a>\n                                                                    <\/div>\n                <\/div>\n                            <div class=\"wp-gallery-item\">\n                    <div class=\"wp-gallery-image\">\n                                                        <a href=\"https:\/\/www.arredamentifranzoni.it\/wp-content\/uploads\/2021\/05\/bed8ee2f-9872-4a04-ad2e-72c4eb99c2f2.jpg\" rel=\"prettyPhoto[15]\">\n                                                <img decoding=\"async\" src=\"https:\/\/www.arredamentifranzoni.it\/wp-content\/plugins\/tz-plus-gallery\/images\/plusgallery\/square.png\"  alt=\"\" style=\"background:url(https:\/\/www.arredamentifranzoni.it\/wp-content\/uploads\/2021\/05\/bed8ee2f-9872-4a04-ad2e-72c4eb99c2f2.jpg) no-repeat scroll 50% 50% \/ cover;\"\/>\n                                                    <\/a>\n                                                                    <\/div>\n                <\/div>\n                    <\/div>\n    <\/div>\n\n    <script type=\"text\/javascript\">\n        jQuery(document).ready(function(){\n            jQuery(\"a[rel^='prettyPhoto']\").prettyPhoto({\n                social_tools:''\n            });\n        })\n    <\/script>\n\n \t  [\/vc_column_text][\/vc_column][\/vc_row]<\/p>\n","protected":false},"excerpt":{"rendered":"<p>[vc_row][vc_column][vc_column_text] [\/vc_column_text][\/vc_column][\/vc_row][vc_row][vc_column][vc_empty_space height=&#8221;220px&#8221; css=&#8221;.vc_custom_1520852666962{background-image: url(http:\/\/www.arredamentifranzoni.it\/wp-content\/uploads\/2018\/03\/breadcrump.jpg?id=171) !important;}&#8221;][vc_empty_space height=&#8221;60px&#8221;][vc_empty_space height=&#8221;60px&#8221;][\/vc_column][\/vc_row][vc_row][vc_column][vc_column_text][\/vc_column_text][\/vc_column][\/vc_row]<\/p>\n","protected":false},"author":1,"featured_media":0,"parent":0,"menu_order":0,"comment_status":"closed","ping_status":"closed","template":"template-flus-gallery.php","meta":{"footnotes":""},"class_list":["post-202","page","type-page","status-publish","hentry"],"_links":{"self":[{"href":"https:\/\/www.arredamentifranzoni.it\/index.php?rest_route=\/wp\/v2\/pages\/202","targetHints":{"allow":["GET"]}}],"collection":[{"href":"https:\/\/www.arredamentifranzoni.it\/index.php?rest_route=\/wp\/v2\/pages"}],"about":[{"href":"https:\/\/www.arredamentifranzoni.it\/index.php?rest_route=\/wp\/v2\/types\/page"}],"author":[{"embeddable":true,"href":"https:\/\/www.arredamentifranzoni.it\/index.php?rest_route=\/wp\/v2\/users\/1"}],"replies":[{"embeddable":true,"href":"https:\/\/www.arredamentifranzoni.it\/index.php?rest_route=%2Fwp%2Fv2%2Fcomments&post=202"}],"version-history":[{"count":4,"href":"https:\/\/www.arredamentifranzoni.it\/index.php?rest_route=\/wp\/v2\/pages\/202\/revisions"}],"predecessor-version":[{"id":262,"href":"https:\/\/www.arredamentifranzoni.it\/index.php?rest_route=\/wp\/v2\/pages\/202\/revisions\/262"}],"wp:attachment":[{"href":"https:\/\/www.arredamentifranzoni.it\/index.php?rest_route=%2Fwp%2Fv2%2Fmedia&parent=202"}],"curies":[{"name":"wp","href":"https:\/\/api.w.org\/{rel}","templated":true}]}}